{"id":5127,"date":"2024-08-23T20:41:57","date_gmt":"2024-08-24T02:41:57","guid":{"rendered":"https:\/\/canelamedia.com\/privacy-policy\/"},"modified":"2024-10-16T17:57:37","modified_gmt":"2024-10-16T23:57:37","slug":"privacy-policy","status":"publish","type":"page","link":"https:\/\/canelamedia.com\/mx\/privacy-policy\/","title":{"rendered":"Pol\u00edtica de Privacidad"},"content":{"rendered":"\t\t<div data-elementor-type=\"wp-page\" data-elementor-id=\"5127\" class=\"elementor elementor-5127 elementor-4055\" data-elementor-post-type=\"page\">\n\t\t\t\t<div class=\"elementor-element elementor-element-2a84cd0 e-flex e-con-boxed e-con e-parent\" data-id=\"2a84cd0\" data-element_type=\"container\" data-e-type=\"container\">\n\t\t\t\t\t<div class=\"e-con-inner\">\n\t\t\t\t<div class=\"elementor-element elementor-element-c6664e9 elementor-widget elementor-widget-heading\" data-id=\"c6664e9\" data-element_type=\"widget\" data-e-type=\"widget\" data-widget_type=\"heading.default\">\n\t\t\t\t<div class=\"elementor-widget-container\">\n\t\t\t\t\t<h2 class=\"elementor-heading-title elementor-size-default\">Pol\u00edtica de Privacidad<\/h2>\t\t\t\t<\/div>\n\t\t\t\t<\/div>\n\t\t\t\t<div class=\"elementor-element elementor-element-57ac06c elementor-widget elementor-widget-text-editor\" data-id=\"57ac06c\" data-element_type=\"widget\" data-e-type=\"widget\" data-widget_type=\"text-editor.default\">\n\t\t\t\t<div class=\"elementor-widget-container\">\n\t\t\t\t\t\t\t\t\t<p><b><span data-contrast=\"auto\">Pol\u00edtica de Privacidad<\/span><\/b><span data-ccp-props=\"{\"134233117\":false,\"134233118\":false,\"335559738\":240,\"335559739\":240}\"> <\/span><\/p>\n<p><span data-contrast=\"auto\">Canela Media opera el sitio web canelamedia.com, que ofrece el SERVICIO. Esta p\u00e1gina se utiliza para informar a los visitantes del sitio web sobre nuestras pol\u00edticas en relaci\u00f3n con la recopilaci\u00f3n, el uso y la divulgaci\u00f3n de Informaci\u00f3n Personal para aquellos que decidan utilizar nuestro Servicio, el sitio web canelamedia.com. <\/span><span data-ccp-props=\"{\"134233117\":false,\"134233118\":false,\"335559738\":240,\"335559739\":240}\"> <\/span><\/p>\n<p><span data-contrast=\"auto\">Si decides utilizar nuestro Servicio, aceptas la recopilaci\u00f3n y el uso de la informaci\u00f3n de acuerdo con esta pol\u00edtica. La Informaci\u00f3n Personal que recopilamos se utiliza para proporcionar y mejorar el Servicio. No utilizaremos ni compartiremos tu informaci\u00f3n con nadie, excepto seg\u00fan lo descrito en esta Pol\u00edtica de Privacidad.  <\/span><span data-ccp-props=\"{\"134233117\":false,\"134233118\":false,\"335559738\":240,\"335559739\":240}\"> <\/span><\/p>\n<p><span data-contrast=\"auto\">Los t\u00e9rminos utilizados en esta Pol\u00edtica de Privacidad tienen el mismo significado que en nuestros T\u00e9rminos y Condiciones, que est\u00e1n disponibles en canelamedia.com, a menos que se definan de otra manera en esta Pol\u00edtica de Privacidad.<\/span><span data-ccp-props=\"{\"134233117\":false,\"134233118\":false,\"335559738\":240,\"335559739\":240}\"> <\/span><\/p>\n<p aria-level=\"3\"><b><span data-contrast=\"auto\">Recopilaci\u00f3n y uso de informaci\u00f3n<\/span><\/b><span data-ccp-props=\"{\"134233117\":false,\"134233118\":false,\"134245418\":true,\"134245529\":true,\"335559738\":281,\"335559739\":281}\"> <\/span><\/p>\n<p><span data-contrast=\"auto\">Para mejorar tu experiencia al utilizar nuestro Servicio, es posible que te solicitemos proporcionar cierta informaci\u00f3n personal identificable, como tu nombre, n\u00famero de tel\u00e9fono y direcci\u00f3n postal. La informaci\u00f3n que recopilamos se utilizar\u00e1 \u00fanicamente para contactarte o identificarte. <\/span><span data-ccp-props=\"{\"134233117\":false,\"134233118\":false,\"335559738\":240,\"335559739\":240}\"> <\/span><\/p>\n<p aria-level=\"3\"><b><span data-contrast=\"auto\">Datos de registro<\/span><\/b><span data-ccp-props=\"{\"134233117\":false,\"134233118\":false,\"134245418\":true,\"134245529\":true,\"335559738\":281,\"335559739\":281}\"> <\/span><\/p>\n<p><span data-contrast=\"auto\">Queremos informarte que, cada vez que visitas nuestro Servicio, recopilamos informaci\u00f3n que tu navegador nos env\u00eda, denominada Datos de Registro. Estos Datos de Registro pueden incluir informaci\u00f3n como la direcci\u00f3n de Protocolo de Internet (&#8220;IP&#8221;) de tu computadora, la versi\u00f3n del navegador, las p\u00e1ginas de nuestro Servicio que visitas, la fecha y hora de tu visita, el tiempo que pasas en esas p\u00e1ginas y otras estad\u00edsticas. <\/span><span data-ccp-props=\"{\"134233117\":false,\"134233118\":false,\"335559738\":240,\"335559739\":240}\"> <\/span><\/p>\n<p aria-level=\"3\"><b><span data-contrast=\"auto\">Cookies<\/span><\/b><span data-ccp-props=\"{\"134233117\":false,\"134233118\":false,\"134245418\":true,\"134245529\":true,\"335559738\":281,\"335559739\":281}\"> <\/span><\/p>\n<p><span data-contrast=\"auto\">Las cookies son archivos con una peque\u00f1a cantidad de datos que se utilizan com\u00fanmente como un identificador \u00fanico an\u00f3nimo. Estos se env\u00edan a tu navegador desde el sitio web que visitas y se almacenan en el disco duro de tu computadora. <\/span><span data-ccp-props=\"{\"134233117\":false,\"134233118\":false,\"335559738\":240,\"335559739\":240}\"> <\/span><\/p>\n<p><span data-contrast=\"auto\">Nuestro sitio web utiliza estas &#8220;cookies&#8221; para recopilar informaci\u00f3n y mejorar nuestro Servicio. Tienes la opci\u00f3n de aceptar o rechazar estas cookies y saber cu\u00e1ndo una cookie est\u00e1 siendo enviada a tu computadora. Si decides rechazar nuestras cookies, es posible que no puedas utilizar algunas partes de nuestro Servicio.  <\/span><span data-ccp-props=\"{\"134233117\":false,\"134233118\":false,\"335559738\":240,\"335559739\":240}\"> <\/span><\/p>\n<p aria-level=\"3\"><b><span data-contrast=\"auto\">Proveedores de servicios<\/span><\/b><span data-ccp-props=\"{\"134233117\":false,\"134233118\":false,\"134245418\":true,\"134245529\":true,\"335559738\":281,\"335559739\":281}\"> <\/span><\/p>\n<p aria-level=\"3\"><span data-contrast=\"auto\">Podemos emplear a empresas y personas de terceros por los siguientes motivos:<\/span><span data-ccp-props=\"{\"134233117\":false,\"134233118\":false,\"134245418\":true,\"134245529\":true,\"335559738\":281,\"335559739\":281}\"> <\/span><\/p>\n<ul>\n<li data-leveltext=\"\uf0b7\" data-font=\"Symbol\" data-listid=\"2\" data-list-defn-props=\"{\"335552541\":1,\"335559685\":720,\"335559991\":360,\"469769226\":\"Symbol\",\"469769242\":[8226],\"469777803\":\"left\",\"469777804\":\"\uf0b7\",\"469777815\":\"hybridMultilevel\"}\" aria-setsize=\"-1\" data-aria-posinset=\"1\" data-aria-level=\"1\"><span data-contrast=\"auto\">Para facilitar nuestro Servicio;<\/span><span data-ccp-props=\"{\"134233117\":false,\"134233118\":false,\"335559738\":0,\"335559739\":0}\"> <\/span><\/li>\n<\/ul>\n<ul>\n<li data-leveltext=\"\uf0b7\" data-font=\"Symbol\" data-listid=\"2\" data-list-defn-props=\"{\"335552541\":1,\"335559685\":720,\"335559991\":360,\"469769226\":\"Symbol\",\"469769242\":[8226],\"469777803\":\"left\",\"469777804\":\"\uf0b7\",\"469777815\":\"hybridMultilevel\"}\" aria-setsize=\"-1\" data-aria-posinset=\"2\" data-aria-level=\"1\"><span data-contrast=\"auto\">Para prestar el Servicio en nuestro nombre;<\/span><span data-ccp-props=\"{\"134233117\":false,\"134233118\":false,\"335559738\":0,\"335559739\":0}\"> <\/span><\/li>\n<\/ul>\n<ul>\n<li data-leveltext=\"\uf0b7\" data-font=\"Symbol\" data-listid=\"2\" data-list-defn-props=\"{\"335552541\":1,\"335559685\":720,\"335559991\":360,\"469769226\":\"Symbol\",\"469769242\":[8226],\"469777803\":\"left\",\"469777804\":\"\uf0b7\",\"469777815\":\"hybridMultilevel\"}\" aria-setsize=\"-1\" data-aria-posinset=\"3\" data-aria-level=\"1\"><span data-contrast=\"auto\">Para realizar servicios relacionados con el Servicio; o<\/span><span data-ccp-props=\"{\"134233117\":false,\"134233118\":false,\"335559738\":0,\"335559739\":0}\"> <\/span><\/li>\n<\/ul>\n<ul>\n<li data-leveltext=\"\uf0b7\" data-font=\"Symbol\" data-listid=\"2\" data-list-defn-props=\"{\"335552541\":1,\"335559685\":720,\"335559991\":360,\"469769226\":\"Symbol\",\"469769242\":[8226],\"469777803\":\"left\",\"469777804\":\"\uf0b7\",\"469777815\":\"hybridMultilevel\"}\" aria-setsize=\"-1\" data-aria-posinset=\"4\" data-aria-level=\"1\"><span data-contrast=\"auto\">Para ayudarnos a analizar c\u00f3mo se utiliza nuestro Servicio.<\/span><span data-ccp-props=\"{\"134233117\":false,\"134233118\":false,\"335559738\":0,\"335559739\":0}\"> <\/span><\/li>\n<\/ul>\n<p><span data-contrast=\"auto\">Queremos informar a los usuarios de nuestro Servicio que estos terceros pueden tener acceso a tu Informaci\u00f3n Personal. La raz\u00f3n exclusiva es realizar las tareas que les hemos asignado en nuestro nombre. Sin embargo, est\u00e1n obligados a no divulgar ni utilizar la informaci\u00f3n para ning\u00fan otro prop\u00f3sito.  <\/span><span data-ccp-props=\"{\"134233117\":false,\"134233118\":false,\"335559738\":240,\"335559739\":240}\"> <\/span><\/p>\n<p aria-level=\"3\"><b><span data-contrast=\"auto\">Seguridad<\/span><\/b><span data-ccp-props=\"{\"134233117\":false,\"134233118\":false,\"134245418\":true,\"134245529\":true,\"335559738\":281,\"335559739\":281}\"> <\/span><\/p>\n<p><span data-contrast=\"auto\">Valoramos tu confianza al proporcionarnos tu Informaci\u00f3n Personal, por lo que nos esforzamos por utilizar medios comercialmente aceptables para protegerla. Sin embargo, recuerda que ning\u00fan m\u00e9todo de transmisi\u00f3n por internet o de almacenamiento electr\u00f3nico es 100% seguro y fiable, y no podemos garantizar su seguridad absoluta. <\/span><span data-ccp-props=\"{\"134233117\":false,\"134233118\":false,\"335559738\":240,\"335559739\":240}\"> <\/span><\/p>\n<p aria-level=\"3\"><b><span data-contrast=\"auto\">Enlaces a otros sitios<\/span><\/b><span data-ccp-props=\"{\"134233117\":false,\"134233118\":false,\"134245418\":true,\"134245529\":true,\"335559738\":281,\"335559739\":281}\"> <\/span><\/p>\n<p><span data-contrast=\"auto\">Nuestro Servicio puede contener enlaces a otros sitios. Si haces clic en un enlace de terceros, ser\u00e1s dirigido a ese sitio. Ten en cuenta que estos sitios externos no son operados por nosotros. Por lo tanto, te recomendamos encarecidamente que revises la Pol\u00edtica de Privacidad de estos sitios web. No tenemos control ni asumimos responsabilidad por el contenido, las pol\u00edticas de privacidad o las pr\u00e1cticas de sitios o servicios de terceros.    <\/span><span data-ccp-props=\"{\"134233117\":false,\"134233118\":false,\"335559738\":240,\"335559739\":240}\"> <\/span><\/p>\n<p aria-level=\"3\"><b><span data-contrast=\"auto\">Privacidad de los ni\u00f1os<\/span><\/b><span data-ccp-props=\"{\"134233117\":false,\"134233118\":false,\"134245418\":true,\"134245529\":true,\"335559738\":281,\"335559739\":281}\"> <\/span><\/p>\n<p><span data-contrast=\"auto\">Nuestros Servicios no est\u00e1n dirigidos a menores de 13 a\u00f1os. No recopilamos intencionalmente informaci\u00f3n personal identificable de ni\u00f1os menores de 13 a\u00f1os. En el caso de que descubramos que un ni\u00f1o menor de 13 a\u00f1os nos ha proporcionado informaci\u00f3n personal, la eliminaremos inmediatamente de nuestros servidores. Si eres padre o tutor y sabes que tu hijo nos ha proporcionado informaci\u00f3n personal, por favor cont\u00e1ctanos para que podamos tomar las medidas necesarias.   <\/span><span data-ccp-props=\"{\"134233117\":false,\"134233118\":false,\"335559738\":240,\"335559739\":240}\"> <\/span><\/p>\n<p aria-level=\"3\"><b><span data-contrast=\"auto\">Cont\u00e1ctanos<\/span><\/b><span data-ccp-props=\"{\"134233117\":false,\"134233118\":false,\"134245418\":true,\"134245529\":true,\"335559738\":281,\"335559739\":281}\"> <\/span><\/p>\n<p><span data-contrast=\"auto\">Si tienes alguna pregunta o sugerencia sobre nuestra Pol\u00edtica de Privacidad, no dudes en contactarnos.<\/span><span data-ccp-props=\"{\"134233117\":false,\"134233118\":false,\"335559738\":240,\"335559739\":240}\"> <\/span><\/p>\n\t\t\t\t\t\t\t\t<\/div>\n\t\t\t\t<\/div>\n\t\t\t\t\t<\/div>\n\t\t\t\t<\/div>\n\t\t\t\t<\/div>\n\t\t","protected":false},"excerpt":{"rendered":"<p>Pol\u00edtica de Privacidad Pol\u00edtica de Privacidad Canela Media opera el sitio web canelamedia.com, que ofrece el SERVICIO. Esta p\u00e1gina se utiliza para informar a los visitantes del sitio web sobre nuestras pol\u00edticas en relaci\u00f3n con la recopilaci\u00f3n, el uso y la divulgaci\u00f3n de Informaci\u00f3n Personal para aquellos que decidan utilizar nuestro Servicio, el sitio web [&hellip;]<\/p>\n","protected":false},"author":1,"featured_media":0,"parent":0,"menu_order":0,"comment_status":"closed","ping_status":"closed","template":"","meta":{"footnotes":""},"class_list":["post-5127","page","type-page","status-publish","hentry"],"yoast_head":"<!-- This site is optimized with the Yoast SEO plugin v27.4 - https:\/\/yoast.com\/product\/yoast-seo-wordpress\/ -->\n<title>Pol\u00edtica de Privacidad - Canela Media<\/title>\n<meta name=\"robots\" content=\"noindex, follow, max-snippet:-1, max-image-preview:large, max-video-preview:-1\" \/>\n<meta property=\"og:locale\" content=\"es_MX\" \/>\n<meta property=\"og:type\" content=\"article\" \/>\n<meta property=\"og:title\" content=\"Pol\u00edtica de Privacidad - Canela Media\" \/>\n<meta property=\"og:description\" content=\"Pol\u00edtica de Privacidad Pol\u00edtica de Privacidad Canela Media opera el sitio web canelamedia.com, que ofrece el SERVICIO. Esta p\u00e1gina se utiliza para informar a los visitantes del sitio web sobre nuestras pol\u00edticas en relaci\u00f3n con la recopilaci\u00f3n, el uso y la divulgaci\u00f3n de Informaci\u00f3n Personal para aquellos que decidan utilizar nuestro Servicio, el sitio web [&hellip;]\" \/>\n<meta property=\"og:url\" content=\"https:\/\/canelamedia.com\/mx\/privacy-policy\/\" \/>\n<meta property=\"og:site_name\" content=\"Canela Media\" \/>\n<meta property=\"article:publisher\" content=\"https:\/\/www.facebook.com\/canelamedia\/\" \/>\n<meta property=\"article:modified_time\" content=\"2024-10-16T23:57:37+00:00\" \/>\n<meta property=\"og:image\" content=\"https:\/\/canelamedia.com\/wp-content\/uploads\/2024\/03\/canela-media.png\" \/>\n\t<meta property=\"og:image:width\" content=\"1200\" \/>\n\t<meta property=\"og:image:height\" content=\"900\" \/>\n\t<meta property=\"og:image:type\" content=\"image\/png\" \/>\n<meta name=\"twitter:card\" content=\"summary_large_image\" \/>\n<meta name=\"twitter:label1\" content=\"Tiempo de lectura\" \/>\n\t<meta name=\"twitter:data1\" content=\"3 minutos\" \/>\n<script type=\"application\/ld+json\" class=\"yoast-schema-graph\">{\"@context\":\"https:\\\/\\\/schema.org\",\"@graph\":[{\"@type\":\"WebPage\",\"@id\":\"https:\\\/\\\/canelamedia.com\\\/mx\\\/privacy-policy\\\/\",\"url\":\"https:\\\/\\\/canelamedia.com\\\/mx\\\/privacy-policy\\\/\",\"name\":\"Pol\u00edtica de Privacidad - Canela Media\",\"isPartOf\":{\"@id\":\"https:\\\/\\\/canelamedia.com\\\/mx\\\/#website\"},\"datePublished\":\"2024-08-24T02:41:57+00:00\",\"dateModified\":\"2024-10-16T23:57:37+00:00\",\"breadcrumb\":{\"@id\":\"https:\\\/\\\/canelamedia.com\\\/mx\\\/privacy-policy\\\/#breadcrumb\"},\"inLanguage\":\"es\",\"potentialAction\":[{\"@type\":\"ReadAction\",\"target\":[\"https:\\\/\\\/canelamedia.com\\\/mx\\\/privacy-policy\\\/\"]}]},{\"@type\":\"BreadcrumbList\",\"@id\":\"https:\\\/\\\/canelamedia.com\\\/mx\\\/privacy-policy\\\/#breadcrumb\",\"itemListElement\":[{\"@type\":\"ListItem\",\"position\":1,\"name\":\"Inicio\",\"item\":\"https:\\\/\\\/canelamedia.com\\\/mx\\\/\"},{\"@type\":\"ListItem\",\"position\":2,\"name\":\"Pol\u00edtica de Privacidad\"}]},{\"@type\":\"WebSite\",\"@id\":\"https:\\\/\\\/canelamedia.com\\\/mx\\\/#website\",\"url\":\"https:\\\/\\\/canelamedia.com\\\/mx\\\/\",\"name\":\"Canela Media\",\"description\":\"Tech &amp; innovation driven media company\",\"publisher\":{\"@id\":\"https:\\\/\\\/canelamedia.com\\\/mx\\\/#organization\"},\"potentialAction\":[{\"@type\":\"SearchAction\",\"target\":{\"@type\":\"EntryPoint\",\"urlTemplate\":\"https:\\\/\\\/canelamedia.com\\\/mx\\\/?s={search_term_string}\"},\"query-input\":{\"@type\":\"PropertyValueSpecification\",\"valueRequired\":true,\"valueName\":\"search_term_string\"}}],\"inLanguage\":\"es\"},{\"@type\":\"Organization\",\"@id\":\"https:\\\/\\\/canelamedia.com\\\/mx\\\/#organization\",\"name\":\"Canela Media\",\"url\":\"https:\\\/\\\/canelamedia.com\\\/mx\\\/\",\"logo\":{\"@type\":\"ImageObject\",\"inLanguage\":\"es\",\"@id\":\"https:\\\/\\\/canelamedia.com\\\/mx\\\/#\\\/schema\\\/logo\\\/image\\\/\",\"url\":\"https:\\\/\\\/canelamedia.com\\\/wp-content\\\/uploads\\\/2024\\\/02\\\/Logo-CanelaMedia.svg\",\"contentUrl\":\"https:\\\/\\\/canelamedia.com\\\/wp-content\\\/uploads\\\/2024\\\/02\\\/Logo-CanelaMedia.svg\",\"width\":193,\"height\":54,\"caption\":\"Canela Media\"},\"image\":{\"@id\":\"https:\\\/\\\/canelamedia.com\\\/mx\\\/#\\\/schema\\\/logo\\\/image\\\/\"},\"sameAs\":[\"https:\\\/\\\/www.facebook.com\\\/canelamedia\\\/\",\"https:\\\/\\\/www.instagram.com\\\/canelamedia\\\/\",\"https:\\\/\\\/www.linkedin.com\\\/company\\\/canela-media\\\/\"]}]}<\/script>\n<!-- \/ Yoast SEO plugin. -->","yoast_head_json":{"title":"Pol\u00edtica de Privacidad - Canela Media","robots":{"index":"noindex","follow":"follow","max-snippet":"max-snippet:-1","max-image-preview":"max-image-preview:large","max-video-preview":"max-video-preview:-1"},"og_locale":"es_MX","og_type":"article","og_title":"Pol\u00edtica de Privacidad - Canela Media","og_description":"Pol\u00edtica de Privacidad Pol\u00edtica de Privacidad Canela Media opera el sitio web canelamedia.com, que ofrece el SERVICIO. Esta p\u00e1gina se utiliza para informar a los visitantes del sitio web sobre nuestras pol\u00edticas en relaci\u00f3n con la recopilaci\u00f3n, el uso y la divulgaci\u00f3n de Informaci\u00f3n Personal para aquellos que decidan utilizar nuestro Servicio, el sitio web [&hellip;]","og_url":"https:\/\/canelamedia.com\/mx\/privacy-policy\/","og_site_name":"Canela Media","article_publisher":"https:\/\/www.facebook.com\/canelamedia\/","article_modified_time":"2024-10-16T23:57:37+00:00","og_image":[{"width":1200,"height":900,"url":"https:\/\/canelamedia.com\/wp-content\/uploads\/2024\/03\/canela-media.png","type":"image\/png"}],"twitter_card":"summary_large_image","twitter_misc":{"Tiempo de lectura":"3 minutos"},"schema":{"@context":"https:\/\/schema.org","@graph":[{"@type":"WebPage","@id":"https:\/\/canelamedia.com\/mx\/privacy-policy\/","url":"https:\/\/canelamedia.com\/mx\/privacy-policy\/","name":"Pol\u00edtica de Privacidad - Canela Media","isPartOf":{"@id":"https:\/\/canelamedia.com\/mx\/#website"},"datePublished":"2024-08-24T02:41:57+00:00","dateModified":"2024-10-16T23:57:37+00:00","breadcrumb":{"@id":"https:\/\/canelamedia.com\/mx\/privacy-policy\/#breadcrumb"},"inLanguage":"es","potentialAction":[{"@type":"ReadAction","target":["https:\/\/canelamedia.com\/mx\/privacy-policy\/"]}]},{"@type":"BreadcrumbList","@id":"https:\/\/canelamedia.com\/mx\/privacy-policy\/#breadcrumb","itemListElement":[{"@type":"ListItem","position":1,"name":"Inicio","item":"https:\/\/canelamedia.com\/mx\/"},{"@type":"ListItem","position":2,"name":"Pol\u00edtica de Privacidad"}]},{"@type":"WebSite","@id":"https:\/\/canelamedia.com\/mx\/#website","url":"https:\/\/canelamedia.com\/mx\/","name":"Canela Media","description":"Tech &amp; innovation driven media company","publisher":{"@id":"https:\/\/canelamedia.com\/mx\/#organization"},"potentialAction":[{"@type":"SearchAction","target":{"@type":"EntryPoint","urlTemplate":"https:\/\/canelamedia.com\/mx\/?s={search_term_string}"},"query-input":{"@type":"PropertyValueSpecification","valueRequired":true,"valueName":"search_term_string"}}],"inLanguage":"es"},{"@type":"Organization","@id":"https:\/\/canelamedia.com\/mx\/#organization","name":"Canela Media","url":"https:\/\/canelamedia.com\/mx\/","logo":{"@type":"ImageObject","inLanguage":"es","@id":"https:\/\/canelamedia.com\/mx\/#\/schema\/logo\/image\/","url":"https:\/\/canelamedia.com\/wp-content\/uploads\/2024\/02\/Logo-CanelaMedia.svg","contentUrl":"https:\/\/canelamedia.com\/wp-content\/uploads\/2024\/02\/Logo-CanelaMedia.svg","width":193,"height":54,"caption":"Canela Media"},"image":{"@id":"https:\/\/canelamedia.com\/mx\/#\/schema\/logo\/image\/"},"sameAs":["https:\/\/www.facebook.com\/canelamedia\/","https:\/\/www.instagram.com\/canelamedia\/","https:\/\/www.linkedin.com\/company\/canela-media\/"]}]}},"_links":{"self":[{"href":"https:\/\/canelamedia.com\/mx\/wp-json\/wp\/v2\/pages\/5127","targetHints":{"allow":["GET"]}}],"collection":[{"href":"https:\/\/canelamedia.com\/mx\/wp-json\/wp\/v2\/pages"}],"about":[{"href":"https:\/\/canelamedia.com\/mx\/wp-json\/wp\/v2\/types\/page"}],"author":[{"embeddable":true,"href":"https:\/\/canelamedia.com\/mx\/wp-json\/wp\/v2\/users\/1"}],"replies":[{"embeddable":true,"href":"https:\/\/canelamedia.com\/mx\/wp-json\/wp\/v2\/comments?post=5127"}],"version-history":[{"count":2,"href":"https:\/\/canelamedia.com\/mx\/wp-json\/wp\/v2\/pages\/5127\/revisions"}],"predecessor-version":[{"id":5131,"href":"https:\/\/canelamedia.com\/mx\/wp-json\/wp\/v2\/pages\/5127\/revisions\/5131"}],"wp:attachment":[{"href":"https:\/\/canelamedia.com\/mx\/wp-json\/wp\/v2\/media?parent=5127"}],"curies":[{"name":"wp","href":"https:\/\/api.w.org\/{rel}","templated":true}]}}