{"id":4856,"date":"2024-02-19T17:50:59","date_gmt":"2024-02-19T23:50:59","guid":{"rendered":"https:\/\/canelamedia.com\/contactanos\/"},"modified":"2024-10-09T16:05:05","modified_gmt":"2024-10-09T22:05:05","slug":"contactanos","status":"publish","type":"page","link":"https:\/\/canelamedia.com\/mx\/contactanos\/","title":{"rendered":"Cont\u00e1ctanos"},"content":{"rendered":"\t\t<div data-elementor-type=\"wp-page\" data-elementor-id=\"4856\" class=\"elementor elementor-4856 elementor-304\" data-elementor-post-type=\"page\">\n\t\t\t\t<div class=\"elementor-element elementor-element-cbf2f3e e-flex e-con-boxed e-con e-parent\" data-id=\"cbf2f3e\" data-element_type=\"container\" data-e-type=\"container\" data-settings=\"{&quot;background_background&quot;:&quot;classic&quot;}\">\n\t\t\t\t\t<div class=\"e-con-inner\">\n\t\t<div class=\"elementor-element elementor-element-9dc4ea7 e-flex e-con-boxed e-con e-child\" data-id=\"9dc4ea7\" data-element_type=\"container\" data-e-type=\"container\">\n\t\t\t\t\t<div class=\"e-con-inner\">\n\t\t\t\t<div class=\"elementor-element elementor-element-7f14e8d elementor-widget elementor-widget-heading\" data-id=\"7f14e8d\" data-element_type=\"widget\" data-e-type=\"widget\" data-widget_type=\"heading.default\">\n\t\t\t\t<div class=\"elementor-widget-container\">\n\t\t\t\t\t<h2 class=\"elementor-heading-title elementor-size-default\">Cont\u00e1ctanos <\/h2>\t\t\t\t<\/div>\n\t\t\t\t<\/div>\n\t\t\t\t<div class=\"elementor-element elementor-element-2d36fb3 elementor-widget elementor-widget-text-editor\" data-id=\"2d36fb3\" data-element_type=\"widget\" data-e-type=\"widget\" data-widget_type=\"text-editor.default\">\n\t\t\t\t<div class=\"elementor-widget-container\">\n\t\t\t\t\t\t\t\t\t<p>Rellena el formulario y alguien de nuestro equipo de ventas se pondr\u00e1 en contacto contigo. <\/p>\n\t\t\t\t\t\t\t\t<\/div>\n\t\t\t\t<\/div>\n\t\t\t\t\t<\/div>\n\t\t\t\t<\/div>\n\t\t\t\t\t<\/div>\n\t\t\t\t<\/div>\n\t\t<div class=\"elementor-element elementor-element-90d6c6d e-flex e-con-boxed e-con e-parent\" data-id=\"90d6c6d\" data-element_type=\"container\" data-e-type=\"container\" data-settings=\"{&quot;background_background&quot;:&quot;classic&quot;}\">\n\t\t\t\t\t<div class=\"e-con-inner\">\n\t\t<div class=\"elementor-element elementor-element-c17ff30 e-flex e-con-boxed e-con e-child\" data-id=\"c17ff30\" data-element_type=\"container\" data-e-type=\"container\">\n\t\t\t\t\t<div class=\"e-con-inner\">\n\t\t<div class=\"elementor-element elementor-element-5e79c21 e-flex e-con-boxed e-con e-child\" data-id=\"5e79c21\" data-element_type=\"container\" data-e-type=\"container\" data-settings=\"{&quot;background_background&quot;:&quot;classic&quot;}\">\n\t\t\t\t\t<div class=\"e-con-inner\">\n\t\t\t\t<div class=\"elementor-element elementor-element-a954595 elementor-button-align-end elementor-widget elementor-widget-form\" data-id=\"a954595\" data-element_type=\"widget\" data-e-type=\"widget\" data-settings=\"{&quot;step_next_label&quot;:&quot;Siguiente&quot;,&quot;step_previous_label&quot;:&quot;Anterior&quot;,&quot;button_width&quot;:&quot;100&quot;,&quot;step_type&quot;:&quot;number_text&quot;,&quot;step_icon_shape&quot;:&quot;circle&quot;}\" data-widget_type=\"form.default\">\n\t\t\t\t<div class=\"elementor-widget-container\">\n\t\t\t\t\t\t\t<form class=\"elementor-form\" method=\"post\" name=\"Contacta con nosotros \" aria-label=\"Contacta con nosotros \">\n\t\t\t<input type=\"hidden\" name=\"post_id\" value=\"4856\"\/>\n\t\t\t<input type=\"hidden\" name=\"form_id\" value=\"a954595\"\/>\n\t\t\t<input type=\"hidden\" name=\"referer_title\" value=\"Cont\u00e1ctanos - Canela Media\" \/>\n\n\t\t\t\t\t\t\t<input type=\"hidden\" name=\"queried_id\" value=\"4856\"\/>\n\t\t\t\n\t\t\t<div class=\"elementor-form-fields-wrapper elementor-labels-above\">\n\t\t\t\t\t\t\t\t<div class=\"elementor-field-type-text elementor-field-group elementor-column elementor-field-group-first_name elementor-col-100 elementor-field-required elementor-mark-required\">\n\t\t\t\t\t\t\t\t\t\t\t\t<label for=\"form-field-first_name\" class=\"elementor-field-label\">\n\t\t\t\t\t\t\t\tNombre\t\t\t\t\t\t\t<\/label>\n\t\t\t\t\t\t\t\t\t\t\t\t\t\t<input size=\"1\" type=\"text\" name=\"form_fields[first_name]\" id=\"form-field-first_name\" class=\"elementor-field elementor-size-md  elementor-field-textual\" required=\"required\">\n\t\t\t\t\t\t\t\t\t\t\t<\/div>\n\t\t\t\t\t\t\t\t<div class=\"elementor-field-type-text elementor-field-group elementor-column elementor-field-group-last_name elementor-col-100 elementor-field-required elementor-mark-required\">\n\t\t\t\t\t\t\t\t\t\t\t\t<label for=\"form-field-last_name\" class=\"elementor-field-label\">\n\t\t\t\t\t\t\t\tApellidos\t\t\t\t\t\t\t<\/label>\n\t\t\t\t\t\t\t\t\t\t\t\t\t\t<input size=\"1\" type=\"text\" name=\"form_fields[last_name]\" id=\"form-field-last_name\" class=\"elementor-field elementor-size-md  elementor-field-textual\" required=\"required\">\n\t\t\t\t\t\t\t\t\t\t\t<\/div>\n\t\t\t\t\t\t\t\t<div class=\"elementor-field-type-email elementor-field-group elementor-column elementor-field-group-email elementor-col-100 elementor-field-required elementor-mark-required\">\n\t\t\t\t\t\t\t\t\t\t\t\t<label for=\"form-field-email\" class=\"elementor-field-label\">\n\t\t\t\t\t\t\t\tEnv\u00eda un correo electr\u00f3nico a\t\t\t\t\t\t\t<\/label>\n\t\t\t\t\t\t\t\t\t\t\t\t\t\t<input size=\"1\" type=\"email\" name=\"form_fields[email]\" id=\"form-field-email\" class=\"elementor-field elementor-size-md  elementor-field-textual\" required=\"required\">\n\t\t\t\t\t\t\t\t\t\t\t<\/div>\n\t\t\t\t\t\t\t\t<div class=\"elementor-field-type-textarea elementor-field-group elementor-column elementor-field-group-comments elementor-col-100 elementor-field-required elementor-mark-required\">\n\t\t\t\t\t\t\t\t\t\t\t\t<label for=\"form-field-comments\" class=\"elementor-field-label\">\n\t\t\t\t\t\t\t\tComentarios\t\t\t\t\t\t\t<\/label>\n\t\t\t\t\t\t<textarea class=\"elementor-field-textual elementor-field  elementor-size-md\" name=\"form_fields[comments]\" id=\"form-field-comments\" rows=\"4\" required=\"required\"><\/textarea>\t\t\t\t<\/div>\n\t\t\t\t\t\t\t\t<div class=\"elementor-field-type-checkbox elementor-field-group elementor-column elementor-field-group-field_3abd9c8 elementor-col-100\">\n\t\t\t\t\t<div class=\"elementor-field-subgroup  elementor-subgroup-inline\"><span class=\"elementor-field-option\"><input type=\"checkbox\" value=\" Acepto la pol\u00edtica &lt;a href=&quot;https:\/\/canelamedia.com\/privacy-policy\/&quot;&gt;de privacidad&lt;\/a&gt;\" id=\"form-field-field_3abd9c8-0\" name=\"form_fields[field_3abd9c8]\"> <label for=\"form-field-field_3abd9c8-0\"> Acepto la pol\u00edtica <a href=\"https:\/\/canelamedia.com\/privacy-policy\/\">de privacidad<\/a><\/label><\/span><\/div>\t\t\t\t<\/div>\n\t\t\t\t\t\t\t\t<div class=\"elementor-field-group elementor-column elementor-field-type-submit elementor-col-100 e-form__buttons\">\n\t\t\t\t\t<button class=\"elementor-button elementor-size-sm\" type=\"submit\">\n\t\t\t\t\t\t<span class=\"elementor-button-content-wrapper\">\n\t\t\t\t\t\t\t\t\t\t\t\t\t\t\t\t\t\t\t\t\t\t<span class=\"elementor-button-text\">ENVIAR<\/span>\n\t\t\t\t\t\t\t\t\t\t\t\t\t<\/span>\n\t\t\t\t\t<\/button>\n\t\t\t\t<\/div>\n\t\t\t<\/div>\n\t\t<\/form>\n\t\t\t\t\t\t<\/div>\n\t\t\t\t<\/div>\n\t\t\t\t\t<\/div>\n\t\t\t\t<\/div>\n\t\t\t\t\t<\/div>\n\t\t\t\t<\/div>\n\t\t<div class=\"elementor-element elementor-element-9f7e844 e-flex e-con-boxed e-con e-child\" data-id=\"9f7e844\" data-element_type=\"container\" data-e-type=\"container\">\n\t\t\t\t\t<div class=\"e-con-inner\">\n\t\t\t\t<div class=\"elementor-element elementor-element-f047d1b elementor-widget elementor-widget-heading\" data-id=\"f047d1b\" data-element_type=\"widget\" data-e-type=\"widget\" data-widget_type=\"heading.default\">\n\t\t\t\t<div class=\"elementor-widget-container\">\n\t\t\t\t\t<h2 class=\"elementor-heading-title elementor-size-default\">S\u00cdGUENOS<\/h2>\t\t\t\t<\/div>\n\t\t\t\t<\/div>\n\t\t\t\t<div class=\"elementor-element elementor-element-b9e1cba elementor-view-stacked elementor-widget__width-auto elementor-shape-circle elementor-widget elementor-widget-icon\" data-id=\"b9e1cba\" data-element_type=\"widget\" data-e-type=\"widget\" data-widget_type=\"icon.default\">\n\t\t\t\t<div class=\"elementor-widget-container\">\n\t\t\t\t\t\t\t<div class=\"elementor-icon-wrapper\">\n\t\t\t<a class=\"elementor-icon\" href=\"https:\/\/www.instagram.com\/miracanelatv\" target=\"_blank\">\n\t\t\t<svg aria-hidden=\"true\" class=\"e-font-icon-svg e-fab-instagram\" viewBox=\"0 0 448 512\" xmlns=\"http:\/\/www.w3.org\/2000\/svg\"><path d=\"M224.1 141c-63.6 0-114.9 51.3-114.9 114.9s51.3 114.9 114.9 114.9S339 319.5 339 255.9 287.7 141 224.1 141zm0 189.6c-41.1 0-74.7-33.5-74.7-74.7s33.5-74.7 74.7-74.7 74.7 33.5 74.7 74.7-33.6 74.7-74.7 74.7zm146.4-194.3c0 14.9-12 26.8-26.8 26.8-14.9 0-26.8-12-26.8-26.8s12-26.8 26.8-26.8 26.8 12 26.8 26.8zm76.1 27.2c-1.7-35.9-9.9-67.7-36.2-93.9-26.2-26.2-58-34.4-93.9-36.2-37-2.1-147.9-2.1-184.9 0-35.8 1.7-67.6 9.9-93.9 36.1s-34.4 58-36.2 93.9c-2.1 37-2.1 147.9 0 184.9 1.7 35.9 9.9 67.7 36.2 93.9s58 34.4 93.9 36.2c37 2.1 147.9 2.1 184.9 0 35.9-1.7 67.7-9.9 93.9-36.2 26.2-26.2 34.4-58 36.2-93.9 2.1-37 2.1-147.8 0-184.8zM398.8 388c-7.8 19.6-22.9 34.7-42.6 42.6-29.5 11.7-99.5 9-132.1 9s-102.7 2.6-132.1-9c-19.6-7.8-34.7-22.9-42.6-42.6-11.7-29.5-9-99.5-9-132.1s-2.6-102.7 9-132.1c7.8-19.6 22.9-34.7 42.6-42.6 29.5-11.7 99.5-9 132.1-9s102.7-2.6 132.1 9c19.6 7.8 34.7 22.9 42.6 42.6 11.7 29.5 9 99.5 9 132.1s2.7 102.7-9 132.1z\"><\/path><\/svg>\t\t\t<\/a>\n\t\t<\/div>\n\t\t\t\t\t\t<\/div>\n\t\t\t\t<\/div>\n\t\t\t\t<div class=\"elementor-element elementor-element-3a5412e elementor-view-stacked elementor-widget__width-auto elementor-shape-circle elementor-widget elementor-widget-icon\" data-id=\"3a5412e\" data-element_type=\"widget\" data-e-type=\"widget\" data-widget_type=\"icon.default\">\n\t\t\t\t<div class=\"elementor-widget-container\">\n\t\t\t\t\t\t\t<div class=\"elementor-icon-wrapper\">\n\t\t\t<a class=\"elementor-icon\" href=\"https:\/\/www.facebook.com\/canelamedia\/\" target=\"_blank\">\n\t\t\t<svg aria-hidden=\"true\" class=\"e-font-icon-svg e-fab-facebook-f\" viewBox=\"0 0 320 512\" xmlns=\"http:\/\/www.w3.org\/2000\/svg\"><path d=\"M279.14 288l14.22-92.66h-88.91v-60.13c0-25.35 12.42-50.06 52.24-50.06h40.42V6.26S260.43 0 225.36 0c-73.22 0-121.08 44.38-121.08 124.72v70.62H22.89V288h81.39v224h100.17V288z\"><\/path><\/svg>\t\t\t<\/a>\n\t\t<\/div>\n\t\t\t\t\t\t<\/div>\n\t\t\t\t<\/div>\n\t\t\t\t<div class=\"elementor-element elementor-element-dc4138b elementor-view-stacked elementor-widget__width-auto elementor-shape-circle elementor-widget elementor-widget-icon\" data-id=\"dc4138b\" data-element_type=\"widget\" data-e-type=\"widget\" data-widget_type=\"icon.default\">\n\t\t\t\t<div class=\"elementor-widget-container\">\n\t\t\t\t\t\t\t<div class=\"elementor-icon-wrapper\">\n\t\t\t<a class=\"elementor-icon\" href=\"https:\/\/www.linkedin.com\/company\/canela-media\/\" target=\"_blank\">\n\t\t\t<svg aria-hidden=\"true\" class=\"e-font-icon-svg e-fab-linkedin-in\" viewBox=\"0 0 448 512\" xmlns=\"http:\/\/www.w3.org\/2000\/svg\"><path d=\"M100.28 448H7.4V148.9h92.88zM53.79 108.1C24.09 108.1 0 83.5 0 53.8a53.79 53.79 0 0 1 107.58 0c0 29.7-24.1 54.3-53.79 54.3zM447.9 448h-92.68V302.4c0-34.7-.7-79.2-48.29-79.2-48.29 0-55.69 37.7-55.69 76.7V448h-92.78V148.9h89.08v40.8h1.3c12.4-23.5 42.69-48.3 87.88-48.3 94 0 111.28 61.9 111.28 142.3V448z\"><\/path><\/svg>\t\t\t<\/a>\n\t\t<\/div>\n\t\t\t\t\t\t<\/div>\n\t\t\t\t<\/div>\n\t\t\t\t\t<\/div>\n\t\t\t\t<\/div>\n\t\t\t\t\t<\/div>\n\t\t\t\t<\/div>\n\t\t\t\t<\/div>\n\t\t","protected":false},"excerpt":{"rendered":"<p>Cont\u00e1ctanos Rellena el formulario y alguien de nuestro equipo de ventas se pondr\u00e1 en contacto contigo. S\u00cdGUENOS<\/p>\n","protected":false},"author":1,"featured_media":4522,"parent":0,"menu_order":0,"comment_status":"closed","ping_status":"closed","template":"","meta":{"footnotes":""},"class_list":["post-4856","page","type-page","status-publish","has-post-thumbnail","hentry"],"yoast_head":"<!-- This site is optimized with the Yoast SEO plugin v27.4 - https:\/\/yoast.com\/product\/yoast-seo-wordpress\/ -->\n<title>Cont\u00e1ctanos - Canela Media<\/title>\n<meta name=\"description\" content=\"Cont\u00e1ctanos\" \/>\n<meta name=\"robots\" content=\"noindex, follow, max-snippet:-1, max-image-preview:large, max-video-preview:-1\" \/>\n<meta property=\"og:locale\" content=\"es_MX\" \/>\n<meta property=\"og:type\" content=\"article\" \/>\n<meta property=\"og:title\" content=\"Cont\u00e1ctanos - Canela Media\" \/>\n<meta property=\"og:description\" content=\"Cont\u00e1ctanos\" \/>\n<meta property=\"og:url\" content=\"https:\/\/canelamedia.com\/mx\/contactanos\/\" \/>\n<meta property=\"og:site_name\" content=\"Canela Media\" \/>\n<meta property=\"article:publisher\" content=\"https:\/\/www.facebook.com\/canelamedia\/\" \/>\n<meta property=\"article:modified_time\" content=\"2024-10-09T22:05:05+00:00\" \/>\n<meta property=\"og:image\" content=\"https:\/\/canelamedia.com\/wp-content\/uploads\/2024\/03\/canela-media.png\" \/>\n\t<meta property=\"og:image:width\" content=\"1200\" \/>\n\t<meta property=\"og:image:height\" content=\"900\" \/>\n\t<meta property=\"og:image:type\" content=\"image\/png\" \/>\n<meta name=\"twitter:card\" content=\"summary_large_image\" \/>\n<script type=\"application\/ld+json\" class=\"yoast-schema-graph\">{\"@context\":\"https:\\\/\\\/schema.org\",\"@graph\":[{\"@type\":\"WebPage\",\"@id\":\"https:\\\/\\\/canelamedia.com\\\/mx\\\/contactanos\\\/\",\"url\":\"https:\\\/\\\/canelamedia.com\\\/mx\\\/contactanos\\\/\",\"name\":\"Cont\u00e1ctanos - Canela Media\",\"isPartOf\":{\"@id\":\"https:\\\/\\\/canelamedia.com\\\/mx\\\/#website\"},\"primaryImageOfPage\":{\"@id\":\"https:\\\/\\\/canelamedia.com\\\/mx\\\/contactanos\\\/#primaryimage\"},\"image\":{\"@id\":\"https:\\\/\\\/canelamedia.com\\\/mx\\\/contactanos\\\/#primaryimage\"},\"thumbnailUrl\":\"https:\\\/\\\/canelamedia.com\\\/wp-content\\\/uploads\\\/2024\\\/03\\\/canela-media.png\",\"datePublished\":\"2024-02-19T23:50:59+00:00\",\"dateModified\":\"2024-10-09T22:05:05+00:00\",\"description\":\"Cont\u00e1ctanos\",\"breadcrumb\":{\"@id\":\"https:\\\/\\\/canelamedia.com\\\/mx\\\/contactanos\\\/#breadcrumb\"},\"inLanguage\":\"es\",\"potentialAction\":[{\"@type\":\"ReadAction\",\"target\":[\"https:\\\/\\\/canelamedia.com\\\/mx\\\/contactanos\\\/\"]}]},{\"@type\":\"ImageObject\",\"inLanguage\":\"es\",\"@id\":\"https:\\\/\\\/canelamedia.com\\\/mx\\\/contactanos\\\/#primaryimage\",\"url\":\"https:\\\/\\\/canelamedia.com\\\/wp-content\\\/uploads\\\/2024\\\/03\\\/canela-media.png\",\"contentUrl\":\"https:\\\/\\\/canelamedia.com\\\/wp-content\\\/uploads\\\/2024\\\/03\\\/canela-media.png\",\"width\":1200,\"height\":900},{\"@type\":\"BreadcrumbList\",\"@id\":\"https:\\\/\\\/canelamedia.com\\\/mx\\\/contactanos\\\/#breadcrumb\",\"itemListElement\":[{\"@type\":\"ListItem\",\"position\":1,\"name\":\"Inicio\",\"item\":\"https:\\\/\\\/canelamedia.com\\\/mx\\\/\"},{\"@type\":\"ListItem\",\"position\":2,\"name\":\"Cont\u00e1ctanos\"}]},{\"@type\":\"WebSite\",\"@id\":\"https:\\\/\\\/canelamedia.com\\\/mx\\\/#website\",\"url\":\"https:\\\/\\\/canelamedia.com\\\/mx\\\/\",\"name\":\"Canela Media\",\"description\":\"Tech &amp; innovation driven media company\",\"publisher\":{\"@id\":\"https:\\\/\\\/canelamedia.com\\\/mx\\\/#organization\"},\"potentialAction\":[{\"@type\":\"SearchAction\",\"target\":{\"@type\":\"EntryPoint\",\"urlTemplate\":\"https:\\\/\\\/canelamedia.com\\\/mx\\\/?s={search_term_string}\"},\"query-input\":{\"@type\":\"PropertyValueSpecification\",\"valueRequired\":true,\"valueName\":\"search_term_string\"}}],\"inLanguage\":\"es\"},{\"@type\":\"Organization\",\"@id\":\"https:\\\/\\\/canelamedia.com\\\/mx\\\/#organization\",\"name\":\"Canela Media\",\"url\":\"https:\\\/\\\/canelamedia.com\\\/mx\\\/\",\"logo\":{\"@type\":\"ImageObject\",\"inLanguage\":\"es\",\"@id\":\"https:\\\/\\\/canelamedia.com\\\/mx\\\/#\\\/schema\\\/logo\\\/image\\\/\",\"url\":\"https:\\\/\\\/canelamedia.com\\\/wp-content\\\/uploads\\\/2024\\\/02\\\/Logo-CanelaMedia.svg\",\"contentUrl\":\"https:\\\/\\\/canelamedia.com\\\/wp-content\\\/uploads\\\/2024\\\/02\\\/Logo-CanelaMedia.svg\",\"width\":193,\"height\":54,\"caption\":\"Canela Media\"},\"image\":{\"@id\":\"https:\\\/\\\/canelamedia.com\\\/mx\\\/#\\\/schema\\\/logo\\\/image\\\/\"},\"sameAs\":[\"https:\\\/\\\/www.facebook.com\\\/canelamedia\\\/\",\"https:\\\/\\\/www.instagram.com\\\/canelamedia\\\/\",\"https:\\\/\\\/www.linkedin.com\\\/company\\\/canela-media\\\/\"]}]}<\/script>\n<!-- \/ Yoast SEO plugin. -->","yoast_head_json":{"title":"Cont\u00e1ctanos - Canela Media","description":"Cont\u00e1ctanos","robots":{"index":"noindex","follow":"follow","max-snippet":"max-snippet:-1","max-image-preview":"max-image-preview:large","max-video-preview":"max-video-preview:-1"},"og_locale":"es_MX","og_type":"article","og_title":"Cont\u00e1ctanos - Canela Media","og_description":"Cont\u00e1ctanos","og_url":"https:\/\/canelamedia.com\/mx\/contactanos\/","og_site_name":"Canela Media","article_publisher":"https:\/\/www.facebook.com\/canelamedia\/","article_modified_time":"2024-10-09T22:05:05+00:00","og_image":[{"width":1200,"height":900,"url":"https:\/\/canelamedia.com\/wp-content\/uploads\/2024\/03\/canela-media.png","type":"image\/png"}],"twitter_card":"summary_large_image","schema":{"@context":"https:\/\/schema.org","@graph":[{"@type":"WebPage","@id":"https:\/\/canelamedia.com\/mx\/contactanos\/","url":"https:\/\/canelamedia.com\/mx\/contactanos\/","name":"Cont\u00e1ctanos - Canela Media","isPartOf":{"@id":"https:\/\/canelamedia.com\/mx\/#website"},"primaryImageOfPage":{"@id":"https:\/\/canelamedia.com\/mx\/contactanos\/#primaryimage"},"image":{"@id":"https:\/\/canelamedia.com\/mx\/contactanos\/#primaryimage"},"thumbnailUrl":"https:\/\/canelamedia.com\/wp-content\/uploads\/2024\/03\/canela-media.png","datePublished":"2024-02-19T23:50:59+00:00","dateModified":"2024-10-09T22:05:05+00:00","description":"Cont\u00e1ctanos","breadcrumb":{"@id":"https:\/\/canelamedia.com\/mx\/contactanos\/#breadcrumb"},"inLanguage":"es","potentialAction":[{"@type":"ReadAction","target":["https:\/\/canelamedia.com\/mx\/contactanos\/"]}]},{"@type":"ImageObject","inLanguage":"es","@id":"https:\/\/canelamedia.com\/mx\/contactanos\/#primaryimage","url":"https:\/\/canelamedia.com\/wp-content\/uploads\/2024\/03\/canela-media.png","contentUrl":"https:\/\/canelamedia.com\/wp-content\/uploads\/2024\/03\/canela-media.png","width":1200,"height":900},{"@type":"BreadcrumbList","@id":"https:\/\/canelamedia.com\/mx\/contactanos\/#breadcrumb","itemListElement":[{"@type":"ListItem","position":1,"name":"Inicio","item":"https:\/\/canelamedia.com\/mx\/"},{"@type":"ListItem","position":2,"name":"Cont\u00e1ctanos"}]},{"@type":"WebSite","@id":"https:\/\/canelamedia.com\/mx\/#website","url":"https:\/\/canelamedia.com\/mx\/","name":"Canela Media","description":"Tech &amp; innovation driven media company","publisher":{"@id":"https:\/\/canelamedia.com\/mx\/#organization"},"potentialAction":[{"@type":"SearchAction","target":{"@type":"EntryPoint","urlTemplate":"https:\/\/canelamedia.com\/mx\/?s={search_term_string}"},"query-input":{"@type":"PropertyValueSpecification","valueRequired":true,"valueName":"search_term_string"}}],"inLanguage":"es"},{"@type":"Organization","@id":"https:\/\/canelamedia.com\/mx\/#organization","name":"Canela Media","url":"https:\/\/canelamedia.com\/mx\/","logo":{"@type":"ImageObject","inLanguage":"es","@id":"https:\/\/canelamedia.com\/mx\/#\/schema\/logo\/image\/","url":"https:\/\/canelamedia.com\/wp-content\/uploads\/2024\/02\/Logo-CanelaMedia.svg","contentUrl":"https:\/\/canelamedia.com\/wp-content\/uploads\/2024\/02\/Logo-CanelaMedia.svg","width":193,"height":54,"caption":"Canela Media"},"image":{"@id":"https:\/\/canelamedia.com\/mx\/#\/schema\/logo\/image\/"},"sameAs":["https:\/\/www.facebook.com\/canelamedia\/","https:\/\/www.instagram.com\/canelamedia\/","https:\/\/www.linkedin.com\/company\/canela-media\/"]}]}},"_links":{"self":[{"href":"https:\/\/canelamedia.com\/mx\/wp-json\/wp\/v2\/pages\/4856","targetHints":{"allow":["GET"]}}],"collection":[{"href":"https:\/\/canelamedia.com\/mx\/wp-json\/wp\/v2\/pages"}],"about":[{"href":"https:\/\/canelamedia.com\/mx\/wp-json\/wp\/v2\/types\/page"}],"author":[{"embeddable":true,"href":"https:\/\/canelamedia.com\/mx\/wp-json\/wp\/v2\/users\/1"}],"replies":[{"embeddable":true,"href":"https:\/\/canelamedia.com\/mx\/wp-json\/wp\/v2\/comments?post=4856"}],"version-history":[{"count":1,"href":"https:\/\/canelamedia.com\/mx\/wp-json\/wp\/v2\/pages\/4856\/revisions"}],"predecessor-version":[{"id":4860,"href":"https:\/\/canelamedia.com\/mx\/wp-json\/wp\/v2\/pages\/4856\/revisions\/4860"}],"wp:featuredmedia":[{"embeddable":true,"href":"https:\/\/canelamedia.com\/mx\/wp-json\/wp\/v2\/media\/4522"}],"wp:attachment":[{"href":"https:\/\/canelamedia.com\/mx\/wp-json\/wp\/v2\/media?parent=4856"}],"curies":[{"name":"wp","href":"https:\/\/api.w.org\/{rel}","templated":true}]}}